{"id":300,"date":"2018-07-02T11:56:27","date_gmt":"2018-07-02T08:56:27","guid":{"rendered":"http:\/\/school.weborona.ru\/?page_id=300"},"modified":"2018-10-18T11:21:52","modified_gmt":"2018-10-18T08:21:52","slug":"policy","status":"publish","type":"page","link":"https:\/\/kreativhaus-ka.de\/de\/policy\/","title":{"rendered":"Datenschutz"},"content":{"rendered":"<h2>1. Name und Anschrift des Verantwortlichen<\/h2>\n<p>Kreativ Haus e.V.<br \/>\nZeppelinstra\u00dfe 2<br \/>\n76185 Karlsruhe<br \/>\nTelefon +49 721 623 85 27<br \/>\nE-Mail: norvatova@googlemail.com<\/p>\n<h2>2. Hinweise zur Datenverarbeitung \/ Begriffsbestimmung<\/h2>\n<p><strong>2.1.<\/strong> Nachfolgend informieren wir Sie \u00fcber die Verarbeitung Ihrer personenbezogenen Daten bei Nutzung unserer Internetseite und informieren Sie diesbez\u00fcglich \u00fcber Ihre Rechte als betroffene Person.<\/p>\n<p><strong>2.2.<\/strong> Nur wenn wir Sie nachfolgend dar\u00fcber aufkl\u00e4ren, dass die Bereitstellung von personenbezogenen Daten gesetzlich oder vertraglich vorgeschrieben oder f\u00fcr einen Vertragsabschluss erforderlich ist und Sie als betroffene Person verpflichtet sind, die personenbezogenen Daten bereitzustellen, liegen diese Umst\u00e4nde vor. Eine automatisierte Entscheidungsfindung bzw. ein Profiling gem\u00e4\u00df Artikel 22 Abs\u00e4tze 1 und 4 erfolgt nur, wenn wir hierauf explizit hinweisen. <\/p>\n<p><strong>2.3.<\/strong> Sofern Sie uns im Rahmen der nachfolgend skizzierten F\u00e4lle die Daten nicht bereitstellen, h\u00e4tte dies zur Folge, dass Sie den Dienst \/ die entsprechende Funktion nicht nutzen k\u00f6nnen bzw. Sie mit uns nicht in Kontakt treten k\u00f6nnen. <\/p>\n<p><strong>2.4.<\/strong> Im Sinne dieser Datenschutz Erkl\u00e4rung sind:<br \/>\n<strong>Cookies:<\/strong> Cookies sind kleine Textdateien, die von Ihrem Browser auf Ihrem Endger\u00e4t gespeichert werden. Cookies dienen dazu, unser Angebot nutzerfreundlicher und sicherer zu machen.<\/p>\n<p>Die Cookies werden auf dem Endger\u00e4t des Nutzers gespeichert und die Cookie-Daten von diesem an uns \u00fcbermittelt. Als Nutzer k\u00f6nnen Sie die Verwendung von Cookies kontrollieren. Indem Sie eine \u00c4nderung der Einstellungen in Ihrem Browser vornehmen, k\u00f6nnen Sie die \u00dcbertragung von Cookies deaktivieren oder einschr\u00e4nken. Bereits gespeicherte Cookies k\u00f6nnen Sie jederzeit \u2013 auch automatisiert &#8212; l\u00f6schen. <\/p>\n<p>Deaktivieren Sie jedoch Cookies, k\u00f6nnen m\u00f6glicherweise nicht mehr alle Funktionen den von Ihnen besuchten Webseiten bzw. verschiedene Tools im Internet voll genutzt werden.<\/p>\n<p><strong>2.5.<\/strong>\tTeilweise bedienen wir uns zur Verarbeitung Ihrer Daten externer Dienstleister (Auftragsverarbeiter i.S.d. Art. 28 DSGVO), denen wir unter Umst\u00e4nden personenbezogene Daten offengelegen. Diese werden von uns sorgf\u00e4ltig ausgew\u00e4hlt und beauftragt, sind an unsere Weisungen gebunden und werden regelm\u00e4\u00dfig kontrolliert. Im \u00dcbrigen erfolgt nur dann eine Offenlegung ihre Daten gegen\u00fcber andere Empf\u00e4ngern, wenn wir auf dies nachfolgend gesondert hinweisen. <\/p>\n<h2>3.\tDatenverarbeitung \u00fcber Webseite<\/h2>\n<p><strong>3.1. <\/strong>\tVerschl\u00fcsselung<br \/>\nUm sicherzustellen, dass die Verarbeitung Ihrer personenbezogenen Daten so erfolgt, dass die Daten vor unbefugter oder unrechtm\u00e4\u00dfiger Verarbeitung sowie vor unbeabsichtigtem Verlust, Zerst\u00f6rung oder Sch\u00e4digung gesch\u00fctzt werden, verwenden wir auf unserer Internetseite sowie allen Unterseiten eine Verschl\u00fcsselung (SSL bzw. TLS). <\/p>\n<p><strong>3.2. <\/strong>\tBesuch unserer Internetseite<br \/>\nBei jedem Aufruf unserer Internetseite erfasst unser System automatisiert Daten und Informationen vom Computersystem des aufrufenden Rechners. Dabei handelt es sich um folgende Daten: <\/p>\n<ul>\n<li>Name der abgerufenen Datei<\/li>\n<li>Datum und Uhrzeit des Abrufs<\/li>\n<li>\u00dcbertragene Datenmenge<\/li>\n<li>Meldung, ob der Abruf erfolgreich war<\/li>\n<li>IP-Adresse<\/li>\n<li>Browsertyp<\/li>\n<li>Browserversion und dessen Sprache<\/li>\n<li>Betriebssystem und dessen Oberfl\u00e4che<\/li>\n<li>Referrer-URL<\/li>\n<li>Zugriffsstatus\/http-Statuscode<\/li>\n<li>Art des Endger\u00e4ts<\/li>\n<\/ul>\n<p>Die Daten werden in den Logfiles des IT-Systems unseres Hosters gespeichert. <\/p>\n<p><strong>Verarbeitungszweck:<\/strong> Die Verarbeitung der oben genannten Daten ist erforderlich, um Ihnen die Internetseite anzeigen und die Sicherheit und Stabilit\u00e4t unserer informationstechnologischen Systeme sowie der Technik unserer Internetseite zu gew\u00e4hrleisten zu k\u00f6nnen. Zudem erfolgt die Verarbeitung, um Strafverfolgungsbeh\u00f6rden im Falle eines Cyberangriffes die zur Strafverfolgung notwendigen Informationen bereitzustellen.<\/p>\n<p><strong>Rechtsgrundlage:<\/strong> An der Datenverarbeitung haben wir ein berechtigtes Interesse im Sinne des Art. 6 Abs. 1 lit. f DSGVO, wobei sich das berechtigte Interesse aus dem genannten Zweck ergibt. <\/p>\n<p><strong>Speicherdauer:<\/strong>\tDie Daten werden gel\u00f6scht, sobald die Datenspeicherung den Zweck nicht mehr erf\u00fcllen kann. Der Zeitpunkt ist f\u00fcr den Einzelfall zu bestimmen, wobei die Speicherung sp\u00e4testens zu beenden ist, sofern etwaige zivilrechtliche Anspr\u00fcche nach \u00a7 199 BGB verj\u00e4hrt sind bzw. eine Strafverfolgung ebenfalls wegen Verj\u00e4hrung (\u00a7\u00a7 78, 79 StGB) nicht mehr m\u00f6glich ist. <\/p>\n<p><strong>3.3.<\/strong> Kontaktaufnahme &#8212; Allgemein<br \/>\nWenn Sie mit uns in Kontakt treten (z.B. per E-Mail, Fax), werden wir die von Ihnen bekannt gegeben Daten, wie Ihren Namen, Ihre E-Mail-Adresse und ggf. weitere von Ihnen bekanntgegebenen Kontaktdaten speichern.<\/p>\n<p><strong>Verarbeitungszweck:<\/strong> Die Verarbeitung der oben genannten Daten ist erforderlich, um Ihre Kontaktaufnahme zu beantworten.<\/p>\n<p><strong>Rechtsgrundlage:<\/strong> Die Verarbeitung der Daten wird je nach Anfrage m\u00f6glicherweise auf unterschiedliche Rechtsgrundlagen gest\u00fctzt werden k\u00f6nnen. Jedenfalls aber ist die Verarbeitung zur Wahrung unserer berechtigten Interessen im Sinne des Art. 6 Abs. 1 lit. f DSGVO erforderlich. Das berechtigte Interesse ergibt daraus, dass wie den Verarbeitungszweck erf\u00fcllen wollen. <\/p>\n<p><strong>Speicherdauer:<\/strong>\tDie L\u00f6schung Ihrer personenbezogenen Daten werden wir sp\u00e4testens vornehmen, sobald die Speicherung nicht mehr erforderlich ist. Der Zeitpunkt ist f\u00fcr den Einzelfall zu bestimmen, wobei die Speicherung sp\u00e4testens zu beenden ist, sofern etwaige zivilrechtliche Anspr\u00fcche nach \u00a7 199 BGB verj\u00e4hrt sind bzw. eine Strafverfolgung ebenfalls wegen Verj\u00e4hrung (\u00a7\u00a7 78, 79 StGB) nicht mehr m\u00f6glich ist.<\/p>\n<p><strong>3.4.<\/strong> Kontaktaufnahme &#8212; Kontaktformular<br \/>\nWenn Sie mit uns per Kontaktformular Kontakt aufnehmen, werden die Daten \u00fcbermittelt und gespeichert, die Sie in die Eingabemaske angeben. <\/p>\n<p><strong>Verarbeitungszweck:<\/strong> Die Verarbeitung der personenbezogenen Daten aus der Eingabemaske dient der Bearbeitung der Kontaktaufnahme. Die weiteren Daten, die im Zeitpunkt der Absendung verarbeitet werden, dienen dazu, einen Missbrauch des Kontaktformulars zu verhindern und die Sicherheit unserer informationstechnischen Systeme sicherzustellen. <\/p>\n<p><strong>Rechtsgrundlage:<\/strong> F\u00fcr die Verarbeitung dieser Daten wird vor dem Absendevorgang Ihre Einwilligung eingeholt und auf diese Datenschutzerkl\u00e4rung hingewiesen. Aufgrund Ihrer Einwilligung ist Rechtsgrundlage der Verarbeitung Art. 6 Abs. 1 lit. a DSGVO. <\/p>\n<p><strong>Speicherdauer:<\/strong>\tDie Daten werden sp\u00e4testens gel\u00f6scht, sobald die Datenspeicherung den Zweck nicht mehr erf\u00fcllen kann. Der Zeitpunkt ist f\u00fcr den Einzelfall zu bestimmen, wobei die Speicherung sp\u00e4testens zu beenden ist, sofern etwaige zivilrechtliche Anspr\u00fcche nach \u00a7 199 BGB verj\u00e4hrt sind bzw. eine Strafverfolgung ebenfalls wegen Verj\u00e4hrung (\u00a7\u00a7 78, 79 StGB) nicht mehr m\u00f6glich ist. <\/p>\n<p><strong>3.5.<\/strong> \tUnsere eignen Cookies<br \/>\nAn verschiedenen Stellen auf unserer Website nutzen wir eigene sogenannte Cookies. Wir verweisen wegen der Funktion von Cookies und wie sie das setzen eines Cookies generell unterbinden k\u00f6nnen auf den Unterpunkt \u201eHinweise zur Datenverarbeitung \/ Begriffsbestimmung\u201c.<\/p>\n<p>Wir setzen permanente und sogenannte Session Cookies ein. <\/p>\n<p>Sessioncookies speichern folgende Daten: <\/p>\n<ul>\n<li>Spracheinstellungen der Webseite<\/li>\n<\/ul>\n<p>Cookie auf unserer Webseite, die (zumindest auch) der Analyse des Nutzerverhaltens von Besuchern unserer Webseite (Tracking) dienen, werden erst dann bei dem Besucher gesetzt, wenn dieser zuvor die Einwilligung erteilt hat. Cookies, die nicht dem Tracking dienen, werden von unserem System ohne diese Einwilligung gesetzt.<\/p>\n<p><strong>Verarbeitungszweck:<\/strong> Die Cookies erm\u00f6glichen es uns, Ihren Browser beim n\u00e4chsten Besuch wiederzuerkennen. Die Cookies werden von uns zur Verf\u00fcgungstellung des Dienstes, zur Analyse des Surfverhaltens unserer Nutzer auf unserer Webseite und zur Steigerung der Nutzerfreundlichkeit eingesetzt.<\/p>\n<p><strong>Rechtsgrundlage:<\/strong> Sofern das Setzen des Cookies und die darauf basierende Verarbeitung der erlangten Daten zumindest der Analyse des Nutzerverhaltens von Besuchern unsere Webseite (Tracking) dient, erfolgt die Verarbeitung aufgrund einer Einwilligung der betroffenen Person nach Art. 6 Abs. 1 lit. a DSGVO. In den anderen F\u00e4llen erfolgt das Setzen der Cookies zur Wahrung unserer berechtigten Interessen im Sinne des Art. 6 Abs. 1 lit. f DSGVO, wobei sich dann das berechtigte Interesse daraus ergibt, dass wie den Verarbeitungszweck erf\u00fcllen wollen.<\/p>\n<p><strong>Speicherdauer:<\/strong>\tSession Cookies werden nach Ende Ihres Besuchs automatisch gel\u00f6scht. Permanente Cookies werden maximal f\u00fcr einen Monat gespeichert bzw. verbleiben auf Ihrem Endger\u00e4t, bis Sie diese l\u00f6schen. Die vom Cookie \u00fcbermittelten Daten werden unmittelbar nach Ihrer Auswertung gel\u00f6scht. <\/p>\n<h2>4. Sonstige Datenverarbeitung vermittelt \u00fcber die Webseite<\/h2>\n<p><strong>4.1.<\/strong> Google Fonts<br \/>\nWir verwenden zur einheitlichen Darstellung von Schriftarten auf unserer Internetseite Google Fonts. <\/p>\n<p>Anbieter von Google Fonts ist die Google Inc. (nachfolgend \u201eGoogle\u201c), 1600 Amphitheatre Parkway, Mountain View, CA 94043, USA. <\/p>\n<p>Indem Sie unsere Internetseite aufrufen, l\u00e4dt Ihr Browser die eingebundenen Fonts in den Cache Ihres Browsers. Hierf\u00fcr wird eine direkte Verbindung zwischen Ihrem Browser und einem Server von Google aufgebaut. Welche personenbezogenen Daten Google dadurch verarbeitet ist uns nicht bekannt.<\/p>\n<p>Google verarbeitet Ihre Daten auf eigene Verantwortung. Wir sind demnach nicht Verantwortlicher f\u00fcr die Datenverarbeitung im Zusammenhang mit diesem Dienst. Dennoch m\u00f6chten wir Sie, ausgehend von Art. 13 DS-GVO, soweit wie m\u00f6glich \u00fcber die Datenerhebung im Zusammenhang mit diesem Dienst informieren.<\/p>\n<p><strong>Verarbeitungszweck:<\/strong> Die oben genannten Daten werden verwendet, damit wir unsere Internetseite einheitlich und damit auch ansprechend gestalten k\u00f6nnen.<\/p>\n<p><strong>Rechtsgrundlage:<\/strong> Rechtsgrundlage f\u00fcr die Nutzung dieses Dienstes ist Art. 6 Abs. 1 lit. f DS-GVO analog. Wir haben ein berechtigtes Interesse daran, die Attraktivit\u00e4t unserer Internetseite zu steigern.  <\/p>\n<p><strong>Speicherdauer:<\/strong> Da wir auf die weitere Verarbeitung und Nutzung der Daten durch Google keinen Einfluss haben, k\u00f6nnen wir keine Aussage dar\u00fcber treffen, wie lange Google die Daten speichert. <\/p>\n<p><strong>Daten\u00fcbertragung:<\/strong> Ihre Daten werden an die Server von Google in den USA gesendet. Es ist nicht ausgeschlossen, dass Google die Daten Dritten \u00fcbermittelt.<\/p>\n<p>Weitere Informationen: \tUnter nachfolgendem Link gelangen Sie zu den Datenschutzhinweisen von Google: <a href=\"https:\/\/policies.google.com\/privacy?hl=de#infochoices\" rel=\"noopener\" target=\"_blank\">https:\/\/policies.google.com\/privacy?hl=de#infochoices<\/a><\/p>\n<p><strong>4.2.<\/strong> Google Maps<br \/>\nWir nutzen auf unserer Internetseite den Kartendienst Google Maps zur Darstellung interaktiver Karten und Erstellung von Anfahrtsbeschreibungen.<br \/>\nAnbieter von Google Maps ist die Google Inc. (nachfolgend \u201eGoogle\u201c), 1600 Amphitheatre Parkway, Mountain View, CA 94043, USA. <\/p>\n<p>Indem Sie unsere Internetseite aufrufen, baut Ihr Browser eine direkte Verbindung mit einem Server von Google auf. Google \u00fcbermittelt daraufhin an Ihren Browser den in unsere Internetseite eingebauten Karteninhalt. Hierdurch und durch die Nutzung der Routenplanungsfunktion verarbeitet Google zumindest folgende Daten:<\/p>\n<ul>\n<li>IP-Adresse<\/li>\n<li>Refferer-URL<\/li>\n<li>Datum und Uhrzeit des Abrufs<\/li>\n<li>Standortdaten<\/li>\n<li>die Adressen, die Sie bei der Routenplanung eingeben.<\/li>\n<\/ul>\n<p>Google verarbeitet Ihre Daten auf eigene Verantwortung. Wir sind demnach nicht Verantwortlicher f\u00fcr die Datenverarbeitung im Zusammenhang mit diesem Dienst. Dennoch m\u00f6chten wir Sie, ausgehend von Art. 13 DS-GVO, soweit wie m\u00f6glich \u00fcber die Datenerhebung im Zusammenhang mit diesem Dienst informieren.<\/p>\n<p><strong>Verarbeitungszweck:<\/strong> Die oben genannten Daten werden verwendet, um geographische Informationen auf unserer Internetseite visuell darzustellen.<\/p>\n<p><strong>Rechtsgrundlage: <\/strong> Rechtsgrundlage f\u00fcr die Verwendung von Google Maps ist Art. 6 Abs. 1 lit. f DS-GVO analog. Wir haben ein berechtigtes Interesse daran, dass unsere Kunden uns leichter auffinden k\u00f6nnen. <\/p>\n<p><strong>Speicherdauer:<\/strong>\tDa wir auf die weitere Verarbeitung und Nutzung der Daten durch Google keinen Einfluss haben, k\u00f6nnen wir keine Aussage dar\u00fcber treffen, wie lange Google die Daten speichert. <\/p>\n<p><strong>Daten\u00fcbertragung:<\/strong> Ihre Daten werden an die Server von Google in den USA gesendet. Es ist nicht ausgeschlossen, dass Google die Daten Dritten \u00fcbermittelt.<\/p>\n<p>Weitere Informationen: \tUnter nachfolgendem Link gelangen Sie zu den Datenschutzhinweisen von Google: <a href=\"https:\/\/policies.google.com\/privacy?hl=de#infochoices\" rel=\"noopener\" target=\"_blank\">https:\/\/policies.google.com\/privacy?hl=de#infochoices<\/a><\/p>\n<p><strong>4.3.<\/strong> YouTube<br \/>\nWir haben auf unserer Internetseite das Plugin f\u00fcr das Videoportal YouTube eingebunden. Anbieter ist die YouTube LLC, 901 Cherry Ave., San Bruno, CA 94066 USA (nachfolgend \u201eYouTube\u201c).<\/p>\n<p>Indem Sie unsere Internetseite aufrufen, baut Ihr Browser eine direkte Verbindung zu einem Server von YouTube in den USA auf. YouTube \u00fcbermittelt daraufhin an Ihren Browser die in unsere Internetseite eingebundenen Videoinhalte.<br \/>\nHierdurch verarbeitet YouTube zumindest folgende Daten: <\/p>\n<ul>\n<li>Ihre IP-Adresse<\/li>\n<li>Refferer-URL<\/li>\n<\/ul>\n<p>YouTube verarbeitet Ihre Daten auf eigene Verantwortung. Wir sind demnach nicht Verantwortlicher f\u00fcr die Datenverarbeitung im Zusammenhang mit diesem Dienst. Dennoch m\u00f6chten wir Sie, ausgehend von Art. 13 DS-GVO, soweit wie m\u00f6glich \u00fcber die Datenerhebung im Zusammenhang mit diesem Dienst informieren.<\/p>\n<p><strong>Verarbeitungszweck:<\/strong> Die oben genannten Daten werden verwendet, um Videos der Plattform YouTube auf unserer Internetseite darstellen zu k\u00f6nnen.<\/p>\n<p><strong>Rechtsgrundlage:<\/strong> Rechtsgrundlage f\u00fcr die Verwendung des YouTube-Plugins ist Art. 6 Abs. 1 lit. f DS-GVO analog. Wir haben ein berechtigtes Interesse daran, die Attraktivit\u00e4t unserer Internetseite zu steigern. <\/p>\n<p><strong>Speicherdauer:<\/strong>\tDa wir auf die weitere Verarbeitung und Nutzung der Daten durch YouTube keinen Einfluss haben, k\u00f6nnen wir keine Aussage dar\u00fcber treffen, wie lange YouTube die Daten speichert. <\/p>\n<p><strong>Daten\u00fcbertragung: <\/strong> Ihre Daten werden an die Server von YouTube in den USA gesendet. Es ist nicht ausgeschlossen, dass YouTube die Daten an Dritte \u00fcbermittelt.<\/p>\n<p>Weitere Informationen: \tUnter nachfolgendem Link gelangen Sie zu den Datenschutzhinweisen von YouTube: <a href=\"https:\/\/policies.google.com\/privacy?hl=de&#038;gl=de\" rel=\"noopener\" target=\"_blank\">https:\/\/policies.google.com\/privacy?hl=de&#038;gl=de<\/a><\/p>\n<h2>5. Hinweise zu den Betroffenenrechten<\/h2>\n<p>Aufgrund der Verarbeitung Ihrer personenbezogenen Daten sind Sie betroffene Person i.S.d. DSGVO und es stehen Ihnen uns gegen\u00fcber folgende Rechte zu, wobei wir nachfolgend als \u201eVerantwortlicher\u201c bezeichnet werden: <\/p>\n<h3>Recht auf Auskunft, Art. 15 DSGVO<\/h3>\n<p>Sie haben das Recht von dem Verantwortlichen Auskunft dar\u00fcber zu verlangen, ob dieser Sie betreffende personenbezogene Daten verarbeitet. Bejahendenfalls haben Sie ein Recht auf Auskunft \u00fcber die in Art. 15 DSGVO aufgef\u00fchrten Informationen.<\/p>\n<h3>Recht auf Berichtigung der personenbezogenen Daten, Art. 16 DSGVO<\/h3>\n<p>Sie haben gem\u00e4\u00df Art. 16 DSGVO gegen\u00fcber dem Verantwortlichen ein Recht auf Berichtigung bzw. Vervollst\u00e4ndigung Sie betreffender personenbezogener Daten, soweit die Sie betreffenden personenbezogenen Daten unrichtig bzw. unvollst\u00e4ndig sind.<\/p>\n<h3>Recht auf L\u00f6schung (\u201eRecht auf Vergessenwerden\u201c), Art. 17 DSGVO<\/h3>\n<p>Nach Ma\u00dfgabe des Art. 17 DSGVO haben Sie das Recht, von dem Verantwortlichen zu verlangen, dass Sie betreffende personenbezogene Daten gel\u00f6scht werden. <\/p>\n<h3>Recht auf Einschr\u00e4nkung der Verarbeitung, Art. 18 DSGVO<\/h3>\n<p>Als betroffene Person haben Sie unter den Voraussetzungen des Art. 18 DSGVO das Recht, von dem Verantwortlichen die Einschr\u00e4nkung der Verarbeitung zu verlangen. <\/p>\n<h3>Recht auf Unterrichtung, Art. 19 DSGVO<\/h3>\n<p>Gegen\u00fcber dem Verantwortlichen steht Ihnen gem\u00e4\u00df Art. 19 DSGVO das Recht zu, \u00fcber die Empf\u00e4nger unterrichtet zu werden, denen die Sie betreffenden personenbezogenen Daten offengelegt wurden und denen gegen\u00fcber der Verantwortliche Ihre Geltendmachung der Rechte auf Berichtigung, L\u00f6schung oder Einschr\u00e4nkung Ihrer Daten mitgeteilt hat. <\/p>\n<h3>Recht auf Daten\u00fcbertragbarkeit, Art. 20 DSGVO<\/h3>\n<p>Unter den Voraussetzungen des Art. 20 DS-GVO haben Sie das Recht, die Sie betreffenden personenbezogenen Daten in einem strukturierten, g\u00e4ngigen und maschinenlesbaren Format zu erhalten. Sie haben das Recht, unter den Voraussetzungen des Art. 20 DS-GVO diese Daten einem anderen Verantwortlichen ohne Behinderung durch den Verantwortlichen, dem die personenbezogenen Daten bereitgestellt wurden, zu \u00fcbermitteln. Sie haben das Recht, zu erwirken, dass die personenbezogenen Daten direkt von einem Verantwortlichen einem anderen Verantwortlichen \u00fcbermittelt werden, soweit dies technisch machbar ist. <\/p>\n<h3>Recht auf Widerspruch gegen die Verarbeitung, Art. 21 DSGVO<\/h3>\n<p>Nach Ma\u00dfgabe von Art. 21 DSGVO haben Sie das Recht, jederzeit gegen die Verarbeitung der Sie betreffenden personenbezogenen Daten, die aufgrund von Art. 6 Abs. 1 lit. e oder lit f erfolgt, Widerspruch einzulegen. Dies gilt auch f\u00fcr ein auf diese Bestimmungen gest\u00fctztes Profiling. Werden die Sie betreffenden personenbezogenen Daten verarbeitet, um Direktwerbung zu betreiben, haben Sie das Recht, jederzeit Widerspruch gegen die Verarbeitung der Sie betreffenden personenbezogenen Daten zum Zwecke derartiger Werbung einzulegen; dies gilt auch f\u00fcr das Profiling, soweit es mit solcher Direktwerbung in Verbindung steht.<\/p>\n<h3>Recht, nicht einer automatisierten Entscheidung einschlie\u00dflich Profiling unterworfen zu werden, Art. 22 DSGVO<\/h3>\n<p>Als betroffene Person haben Sie gem\u00e4\u00df Art. 22 DSGVO das Recht, nicht einer ausschlie\u00dflich auf einer automatisierten Verarbeitung \u2013 einschlie\u00dflich Profiling \u2013 beruhenden Entscheidung unterworfen zu werden, die Ihnen gegen\u00fcber rechtliche Wirkung entfaltet oder Sie \u00e4hnlich erheblich beeintr\u00e4chtigt. <\/p>\n<h3>Recht auf Widerruf der datenschutzrechtlichen Einwilligungserkl\u00e4rung, Art. 7 DSGVO<\/h3>\n<p>Ihnen steht nach Art. 7 DSGVO das Recht zu, Ihre Einwilligung zur Verarbeitung Sie betreffende personenbezogene Daten jederzeit zu widerrufen. <\/p>\n<h3>Recht der Beschwerde bei einer Datenschutz-Aufsichtsbeh\u00f6rde, Art. 77 DSGVO<\/h3>\n<p>Unbeschadet anderweitiger Rechtsbehelfe haben Sie gem\u00e4\u00df Art. 77 DSGVO das Recht auf Beschwerde bei einer Aufsichtsbeh\u00f6rde, wenn Sie der Ansicht sind, dass die Verarbeitung Ihrer personenbezogenen Daten durch uns gegen die DSGVO verst\u00f6\u00dft. <\/p>","protected":false},"excerpt":{"rendered":"<p>1. Name und Anschrift des Verantwortlichen Kreativ Haus e.V. Zeppelinstra\u00dfe 2 76185 Karlsruhe Telefon +49 721 623 85 27 E-Mail: norvatova@googlemail.com 2. Hinweise zur Datenverarbeitung \/ Begriffsbestimmung 2.1. Nachfolgend informieren wir Sie \u00fcber die Verarbeitung Ihrer personenbezogenen Daten bei Nutzung unserer Internetseite und informieren Sie diesbez\u00fcglich \u00fcber Ihre Rechte als betroffene Person. 2.2. Nur wenn [&hellip;]<\/p>","protected":false},"author":1,"featured_media":0,"parent":0,"menu_order":0,"comment_status":"closed","ping_status":"closed","template":"","meta":{"footnotes":""},"class_list":["post-300","page","type-page","status-publish","hentry"],"_links":{"self":[{"href":"https:\/\/kreativhaus-ka.de\/de\/wp-json\/wp\/v2\/pages\/300","targetHints":{"allow":["GET"]}}],"collection":[{"href":"https:\/\/kreativhaus-ka.de\/de\/wp-json\/wp\/v2\/pages"}],"about":[{"href":"https:\/\/kreativhaus-ka.de\/de\/wp-json\/wp\/v2\/types\/page"}],"author":[{"embeddable":true,"href":"https:\/\/kreativhaus-ka.de\/de\/wp-json\/wp\/v2\/users\/1"}],"replies":[{"embeddable":true,"href":"https:\/\/kreativhaus-ka.de\/de\/wp-json\/wp\/v2\/comments?post=300"}],"version-history":[{"count":21,"href":"https:\/\/kreativhaus-ka.de\/de\/wp-json\/wp\/v2\/pages\/300\/revisions"}],"predecessor-version":[{"id":1084,"href":"https:\/\/kreativhaus-ka.de\/de\/wp-json\/wp\/v2\/pages\/300\/revisions\/1084"}],"wp:attachment":[{"href":"https:\/\/kreativhaus-ka.de\/de\/wp-json\/wp\/v2\/media?parent=300"}],"curies":[{"name":"wp","href":"https:\/\/api.w.org\/{rel}","templated":true}]}}